{"id":1464,"date":"2020-10-21T11:35:34","date_gmt":"2020-10-21T11:35:34","guid":{"rendered":"https:\/\/native-s.com\/politica-privacidad\/"},"modified":"2021-02-19T12:19:44","modified_gmt":"2021-02-19T11:19:44","slug":"politica-privacidad","status":"publish","type":"page","link":"https:\/\/native-s.com\/en\/politica-privacidad\/","title":{"rendered":"Privacy policy"},"content":{"rendered":"\n<h4 class=\"wp-block-heading\">Informaci\u00f3n B\u00e1sica Sobre Protecci\u00f3n De Datos<\/h4>\n\n\n\n<figure class=\"wp-block-table\"><table><tbody><tr><td>Responsable<\/td><td>EDENWAY SL<\/td><\/tr><tr><td>Finalidad<\/td><td>Captaci\u00f3n, registro y tratamiento de datos para poder registrarse como usuario en nuestra INTRANET<\/td><\/tr><tr><td>Derechos<\/td><td>Acceder, rectificar y suprimir los datos, as\u00ed como otros derechos, como se explica en la informaci\u00f3n adicional.<\/td><\/tr><tr><td>Informaci\u00f3n adicional<\/td><td>Puede consultar la informaci\u00f3n adicional y detallada sobre Protecci\u00f3n de Datos en nuestra p\u00e1gina web, apartado Pol\u00edtica de Privacidad<\/td><\/tr><\/tbody><\/table><\/figure>\n\n\n\n<h4 class=\"wp-block-heading\">Datos Del Propietario De La Web:<\/h4>\n\n\n\n<ul class=\"wp-block-list\"><li>RAZ\u00d3N SOCIAL: EDENWAY SL<\/li><li>NIF:&nbsp;B65484677<\/li><li>DIRECCI\u00d3N POSTAL:&nbsp;&nbsp;C\/ SICILIA 212 ENT. 3a 08007, BARCELONA<\/li><li>CORREO ELECTR\u00d3NICO:&nbsp;info@native-s.com<\/li><li>TEL\u00c9FONO:&nbsp;637716865<\/li><li>OBJETO PRINCIPAL:&nbsp;Informaci\u00f3n sobre los servicios que ofrece la entidad.<\/li><\/ul>\n\n\n\n<h3 class=\"wp-block-heading\">Protecci\u00f3n De Datos<\/h3>\n\n\n\n<p>De conformidad con la normativa vigente y aplicable en protecci\u00f3n de datos de car\u00e1cter personal, le informamos que sus datos ser\u00e1n incorporados al sistema de tratamiento titularidad de EDENWAY SL con NIF B65484677 y domicilio social sito en C\/ SICILIA 212 ENT. 3a 08007, BARCELONA, y que a continuaci\u00f3n se relacionan sus respectivas finalidades, plazos de conservaci\u00f3n y bases legitimadoras. Para aquellos tratamientos que lo requieran, se informa tambi\u00e9n de la posible elaboraci\u00f3n de perfiles y decisiones automatizadas, as\u00ed como las posibles cesiones y las transferencias internacionales que EDENWAY SL tiene previsto realizar:<\/p>\n\n\n\n<h4 class=\"wp-block-heading\">TRATAMIENTOS REALIZADOS<\/h4>\n\n\n\n<figure class=\"wp-block-table\"><table><tbody><tr><td>Gesti\u00f3n de la p\u00e1gina web<\/td><td>Finalidad: Tratamiento y gesti\u00f3n de los datos necesarios para la funcionalidad de la p\u00e1gina web Plazo de conservaci\u00f3n: mientras perdure el consentimiento prestado Base leg\u00edtima: El consentimiento del interesado Tipolog\u00eda de Datos: Datos meramente identificativos Cesiones: No se prev\u00e9n Transferencias internacionales: No se prev\u00e9n Elaboraciones de perfiles: No se prev\u00e9n<\/td><\/tr><tr><td>Formulario web<\/td><td>Finalidad: Atender sus consultas y\/o solicitudes Plazo de conservaci\u00f3n: mientras se mantenga el consentimiento prestado. Base leg\u00edtima: El consentimiento del interesado Tipolog\u00eda de Datos: Datos meramente identificativos Cesiones: Ninguna Transferencias internacionales: No se prev\u00e9n Elaboraciones de perfiles: No se prev\u00e9n<\/td><\/tr><tr><td>Gesti\u00f3n del cumplimiento normativo<\/td><td>Finalidad: Gesti\u00f3n y tramitaci\u00f3n de las obligaciones y deberes que se deriven del cumplimiento de la normativa a la cual est\u00e1 sujeta la entidad Plazo de conservaci\u00f3n: conservaci\u00f3n de las copias de los documentos hasta que prescriban las acciones para reclamarle una posible responsabilidad Base leg\u00edtima: El cumplimiento de una ley Tipolog\u00eda de Datos: Datos meramente identificativos Cesiones: sus datos ser\u00e1n comunicados en caso de ser necesario a Organismos y\/o administraci\u00f3n p\u00fablica con competencia en la materia con la finalidad de cumplir con las obligaciones establecidas en la normativa aplicable. Adem\u00e1s, se informa que la base legitimadora de la cesi\u00f3n es cumplir con las obligaciones establecidas en la normativa aplicable Transferencias internacionales: No se prev\u00e9n Elaboraciones de perfiles: No se prev\u00e9n<\/td><\/tr><tr><td>Acciones Comerciales<\/td><td>Finalidad: Captaci\u00f3n, registro y tratamiento de datos con finalidades de publicidad y prospecci\u00f3n comercial de nuestros productos y\/o servicios Plazo de conservaci\u00f3n: mientras se mantenga el consentimiento prestado Base leg\u00edtima: El consentimiento del interesado Tipolog\u00eda de Datos: Datos meramente identificativos Cesiones: Ninguna Transferencias internacionales: No se prev\u00e9n Elaboraciones de perfiles: No se prev\u00e9n<\/td><\/tr><tr><td>Registro de los usuarios<\/td><td>Finalidad: Captaci\u00f3n, registro y tratamiento de datos para poder registrarse como usuario en nuestra INTRANET Plazo de conservaci\u00f3n: mientras perdure el consentimiento prestado Base leg\u00edtima: El consentimiento del interesado Tipolog\u00eda de Datos: Datos meramente identificativos Cesiones: No se prev\u00e9n Transferencias internacionales: No se prev\u00e9n Elaboraciones de perfiles: No se prev\u00e9n<\/td><\/tr><\/tbody><\/table><\/figure>\n\n\n\n<h4 class=\"wp-block-heading\">Derechos De Los Interesados<\/h4>\n\n\n\n<p>EDENWAY SL informa a los Usuarios que, podr\u00e1 ejercer los derechos de acceso, rectificaci\u00f3n, limitaci\u00f3n, supresi\u00f3n, portabilidad y oposici\u00f3n al tratamiento de sus datos de car\u00e1cter personal ante el Responsable del Tratamiento, as\u00ed como a la retirada del consentimiento prestado.<\/p>\n\n\n\n<p><strong>Derecho de Acceso:<\/strong>&nbsp;Es el derecho del usuario a obtener informaci\u00f3n sobre sus datos concretos de car\u00e1cter personal y del tratamiento que se haya realizado o realice, as\u00ed como de la informaci\u00f3n disponible sobre el origen de dichos datos y las comunicaciones realizadas o previstas de los mismos.<\/p>\n\n\n\n<p><strong>Derecho de Rectificaci\u00f3n:&nbsp;<\/strong>Es el derecho del afectado a que se modifiquen los datos que resulten ser inexactos o incompletos. S\u00f3lo podr\u00e1 satisfacerse en relaci\u00f3n a aquella informaci\u00f3n que se encuentre bajo el control de la APP, por ejemplo, eliminar comentarios publicados en la propia p\u00e1gina, im\u00e1genes o contenidos web donde consten datos de car\u00e1cter personal del usuario.<\/p>\n\n\n\n<p><strong>Derecho a la Limitaci\u00f3n de tratamiento<\/strong>: Es el derecho a que se limiten los fines del tratamiento previstos de forma original por el responsable del tratamiento.<\/p>\n\n\n\n<p><strong>Derecho de Supresi\u00f3n:<\/strong>&nbsp;Es el derecho a suprimir los datos de car\u00e1cter personal del usuario, a excepci\u00f3n de lo previsto en el propio RGPD o en otras normativas aplicables que determinen la obligatoriedad de la conservaci\u00f3n de los mismos, en tiempo y forma.<\/p>\n\n\n\n<p><strong>Derecho de portabilidad:<\/strong>&nbsp;El derecho a recibir los datos personales que el usuario, haya facilitado, en un formato estructurado, de uso com\u00fan y lectura mec\u00e1nica, y a transmitirlos a otro responsable.<\/p>\n\n\n\n<p><strong>Derecho de Oposici\u00f3n:<\/strong>&nbsp;Es el derecho del usuario a que no se lleve a cabo el tratamiento de sus datos de car\u00e1cter personal o se cese el tratamiento de los mismos por parte de la EDENWAY SL.<\/p>\n\n\n\n<p>Para poder ejercer cualquiera de los derechos descritos anteriormente deber\u00e1 cumplir con los siguientes requisitos.<\/p>\n\n\n\n<p><strong>\u2013&nbsp;<\/strong>Presentaci\u00f3n de un escrito a la direcci\u00f3n C\/ SICILIA 212 ENT. 3a 08007, BARCELONA (a la atenci\u00f3n de EDENWAY SL) o bien a trav\u00e9s de correo electr\u00f3nico a por correo electr\u00f3nico a&nbsp;<a href=\"mailto:info@native-s.com\">info@native-s.com<\/a>.<\/p>\n\n\n\n<p><strong>\u2013&nbsp;<\/strong>El escrito remitido por el titular de los datos que solicite el ejercicio deber\u00e1 de cumplir los siguientes requisitos legales:<\/p>\n\n\n\n<ul class=\"wp-block-list\"><li>Nombre, apellidos del interesado y copia del DNI\/NIE o cualquier documento identificativo. En los excepcionales casos en que se admita la representaci\u00f3n, ser\u00e1 tambi\u00e9n necesaria la identificaci\u00f3n por el mismo medio de la persona que le representa, as\u00ed como el documento acreditativo de la representaci\u00f3n. La fotocopia del DNI podr\u00e1 ser sustituida siempre que se acredite la identidad por cualquier otro medio v\u00e1lido en derecho.<\/li><li>Petici\u00f3n en que se concreta la solicitud. (Ejercicio en el que se solicita la informaci\u00f3n a la que se quiere acceder). Si no hace referencia a un fichero concreto se le facilitar\u00e1 toda la informaci\u00f3n que se tenga con sus datos de car\u00e1cter personal. Si solicita informaci\u00f3n de un fichero en concreto, s\u00f3lo la informaci\u00f3n de este fichero. Si solicita informaci\u00f3n relativa a un tercero nunca se podr\u00e1 facilitar. Si lo solicita por tel\u00e9fono se le indicar\u00e1 que lo haga por escrito y se le informar\u00e1 de c\u00f3mo lo puede hacer y la direcci\u00f3n a la que tiene que enviarlo. Nunca se le dar\u00e1 informaci\u00f3n por tel\u00e9fono.<\/li><li>Domicilio a efectos de notificaciones.<\/li><li>Fecha y firma del solicitante.<\/li><li>Documentos acreditativos de la petici\u00f3n que formula.<\/li><li>El interesado debe utilizar cualquier medio que permita acreditar el env\u00edo y la recepci\u00f3n de la solicitud.<\/li><\/ul>\n\n\n\n<p>Por \u00faltimo, le informamos que Usted tiene derecho a presentar una reclamaci\u00f3n ante la Agencia Espa\u00f1ola de Protecci\u00f3n de Datos en caso de que tenga conocimiento o considere que un hecho pueda suponer un incumplimiento de la normativa aplicable en materia de protecci\u00f3n de datos.<\/p>\n\n\n\n<p>EDENWAY SL se compromete a adoptar las medidas t\u00e9cnicas y organizativas necesarias, acorde al nivel de riesgos que acompa\u00f1an los tratamientos realizados por \u00e9stas e indicados en el apartado de los t\u00e9rminos y condiciones de uso, de forma que garanticen su integridad, confidencialidad y disponibilidad.<\/p>\n\n\n\n<p><strong><em>\u00daLTIMA ACTUALIZACI\u00d3N: 10 de febrero de 2021<\/em><\/strong><\/p>\n","protected":false},"excerpt":{"rendered":"<p>Informaci\u00f3n B\u00e1sica Sobre Protecci\u00f3n De Datos Responsable EDENWAY SL Finalidad Captaci\u00f3n, registro y tratamiento de datos para poder registrarse como usuario en nuestra INTRANET Derechos [&hellip;]<\/p>\n","protected":false},"author":1,"featured_media":0,"parent":0,"menu_order":0,"comment_status":"closed","ping_status":"closed","template":"","meta":{"site-sidebar-layout":"default","site-content-layout":"default","ast-site-content-layout":"","site-content-style":"default","site-sidebar-style":"default","ast-global-header-display":"","ast-banner-title-visibility":"","ast-main-header-display":"","ast-hfb-above-header-display":"","ast-hfb-below-header-display":"","ast-hfb-mobile-header-display":"","site-post-title":"","ast-breadcrumbs-content":"","ast-featured-img":"","footer-sml-layout":"","theme-transparent-header-meta":"default","adv-header-id-meta":"","stick-header-meta":"default","header-above-stick-meta":"","header-main-stick-meta":"","header-below-stick-meta":"","astra-migrate-meta-layouts":"default","ast-page-background-enabled":"default","ast-page-background-meta":{"desktop":{"background-color":"","background-image":"","background-repeat":"repeat","background-position":"center center","background-size":"auto","background-attachment":"scroll","background-type":"","background-media":"","overlay-type":"","overlay-color":"","overlay-opacity":"","overlay-gradient":""},"tablet":{"background-color":"","background-image":"","background-repeat":"repeat","background-position":"center center","background-size":"auto","background-attachment":"scroll","background-type":"","background-media":"","overlay-type":"","overlay-color":"","overlay-opacity":"","overlay-gradient":""},"mobile":{"background-color":"","background-image":"","background-repeat":"repeat","background-position":"center center","background-size":"auto","background-attachment":"scroll","background-type":"","background-media":"","overlay-type":"","overlay-color":"","overlay-opacity":"","overlay-gradient":""}},"ast-content-background-meta":{"desktop":{"background-color":"var(--ast-global-color-5)","background-image":"","background-repeat":"repeat","background-position":"center center","background-size":"auto","background-attachment":"scroll","background-type":"","background-media":"","overlay-type":"","overlay-color":"","overlay-opacity":"","overlay-gradient":""},"tablet":{"background-color":"var(--ast-global-color-5)","background-image":"","background-repeat":"repeat","background-position":"center center","background-size":"auto","background-attachment":"scroll","background-type":"","background-media":"","overlay-type":"","overlay-color":"","overlay-opacity":"","overlay-gradient":""},"mobile":{"background-color":"var(--ast-global-color-5)","background-image":"","background-repeat":"repeat","background-position":"center center","background-size":"auto","background-attachment":"scroll","background-type":"","background-media":"","overlay-type":"","overlay-color":"","overlay-opacity":"","overlay-gradient":""}},"footnotes":""},"class_list":["post-1464","page","type-page","status-publish","hentry"],"yoast_head":"<!-- This site is optimized with the Yoast SEO plugin v24.5 - https:\/\/yoast.com\/wordpress\/plugins\/seo\/ -->\n<title>Privacy policy &#171; NATIVES<\/title>\n<meta name=\"robots\" content=\"index, follow, max-snippet:-1, max-image-preview:large, max-video-preview:-1\" \/>\n<link rel=\"canonical\" href=\"https:\/\/native-s.com\/en\/politica-privacidad\/\" \/>\n<meta property=\"og:locale\" content=\"en_US\" \/>\n<meta property=\"og:type\" content=\"article\" \/>\n<meta property=\"og:title\" content=\"Privacy policy &#171; NATIVES\" \/>\n<meta property=\"og:description\" content=\"Informaci\u00f3n B\u00e1sica Sobre Protecci\u00f3n De Datos Responsable EDENWAY SL Finalidad Captaci\u00f3n, registro y tratamiento de datos para poder registrarse como usuario en nuestra INTRANET Derechos [&hellip;]\" \/>\n<meta property=\"og:url\" content=\"https:\/\/native-s.com\/en\/politica-privacidad\/\" \/>\n<meta property=\"og:site_name\" content=\"NATIVES\" \/>\n<meta property=\"article:modified_time\" content=\"2021-02-19T11:19:44+00:00\" \/>\n<meta name=\"twitter:card\" content=\"summary_large_image\" \/>\n<meta name=\"twitter:label1\" content=\"Est. reading time\" \/>\n\t<meta name=\"twitter:data1\" content=\"6 minutes\" \/>\n<script type=\"application\/ld+json\" class=\"yoast-schema-graph\">{\"@context\":\"https:\/\/schema.org\",\"@graph\":[{\"@type\":\"WebPage\",\"@id\":\"https:\/\/native-s.com\/en\/politica-privacidad\/\",\"url\":\"https:\/\/native-s.com\/en\/politica-privacidad\/\",\"name\":\"Privacy policy &#171; NATIVES\",\"isPartOf\":{\"@id\":\"https:\/\/native-s.com\/en\/#website\"},\"datePublished\":\"2020-10-21T11:35:34+00:00\",\"dateModified\":\"2021-02-19T11:19:44+00:00\",\"breadcrumb\":{\"@id\":\"https:\/\/native-s.com\/en\/politica-privacidad\/#breadcrumb\"},\"inLanguage\":\"en-US\",\"potentialAction\":[{\"@type\":\"ReadAction\",\"target\":[\"https:\/\/native-s.com\/en\/politica-privacidad\/\"]}]},{\"@type\":\"BreadcrumbList\",\"@id\":\"https:\/\/native-s.com\/en\/politica-privacidad\/#breadcrumb\",\"itemListElement\":[{\"@type\":\"ListItem\",\"position\":1,\"name\":\"Portada\",\"item\":\"https:\/\/native-s.com\/en\/\"},{\"@type\":\"ListItem\",\"position\":2,\"name\":\"Privacy policy\"}]},{\"@type\":\"WebSite\",\"@id\":\"https:\/\/native-s.com\/en\/#website\",\"url\":\"https:\/\/native-s.com\/en\/\",\"name\":\"NATIVES\",\"description\":\"La Plataforma que permite a la Educaci\u00f3n cambiar el Mundo\",\"publisher\":{\"@id\":\"https:\/\/native-s.com\/en\/#organization\"},\"potentialAction\":[{\"@type\":\"SearchAction\",\"target\":{\"@type\":\"EntryPoint\",\"urlTemplate\":\"https:\/\/native-s.com\/en\/?s={search_term_string}\"},\"query-input\":{\"@type\":\"PropertyValueSpecification\",\"valueRequired\":true,\"valueName\":\"search_term_string\"}}],\"inLanguage\":\"en-US\"},{\"@type\":\"Organization\",\"@id\":\"https:\/\/native-s.com\/en\/#organization\",\"name\":\"Native-S\",\"url\":\"https:\/\/native-s.com\/en\/\",\"logo\":{\"@type\":\"ImageObject\",\"inLanguage\":\"en-US\",\"@id\":\"https:\/\/native-s.com\/en\/#\/schema\/logo\/image\/\",\"url\":\"https:\/\/native-s.com\/wp-content\/uploads\/2020\/11\/natives-logo.png\",\"contentUrl\":\"https:\/\/native-s.com\/wp-content\/uploads\/2020\/11\/natives-logo.png\",\"width\":297,\"height\":75,\"caption\":\"Native-S\"},\"image\":{\"@id\":\"https:\/\/native-s.com\/en\/#\/schema\/logo\/image\/\"}}]}<\/script>\n<!-- \/ Yoast SEO plugin. -->","yoast_head_json":{"title":"Privacy policy &#171; NATIVES","robots":{"index":"index","follow":"follow","max-snippet":"max-snippet:-1","max-image-preview":"max-image-preview:large","max-video-preview":"max-video-preview:-1"},"canonical":"https:\/\/native-s.com\/en\/politica-privacidad\/","og_locale":"en_US","og_type":"article","og_title":"Privacy policy &#171; NATIVES","og_description":"Informaci\u00f3n B\u00e1sica Sobre Protecci\u00f3n De Datos Responsable EDENWAY SL Finalidad Captaci\u00f3n, registro y tratamiento de datos para poder registrarse como usuario en nuestra INTRANET Derechos [&hellip;]","og_url":"https:\/\/native-s.com\/en\/politica-privacidad\/","og_site_name":"NATIVES","article_modified_time":"2021-02-19T11:19:44+00:00","twitter_card":"summary_large_image","twitter_misc":{"Est. reading time":"6 minutes"},"schema":{"@context":"https:\/\/schema.org","@graph":[{"@type":"WebPage","@id":"https:\/\/native-s.com\/en\/politica-privacidad\/","url":"https:\/\/native-s.com\/en\/politica-privacidad\/","name":"Privacy policy &#171; NATIVES","isPartOf":{"@id":"https:\/\/native-s.com\/en\/#website"},"datePublished":"2020-10-21T11:35:34+00:00","dateModified":"2021-02-19T11:19:44+00:00","breadcrumb":{"@id":"https:\/\/native-s.com\/en\/politica-privacidad\/#breadcrumb"},"inLanguage":"en-US","potentialAction":[{"@type":"ReadAction","target":["https:\/\/native-s.com\/en\/politica-privacidad\/"]}]},{"@type":"BreadcrumbList","@id":"https:\/\/native-s.com\/en\/politica-privacidad\/#breadcrumb","itemListElement":[{"@type":"ListItem","position":1,"name":"Portada","item":"https:\/\/native-s.com\/en\/"},{"@type":"ListItem","position":2,"name":"Privacy policy"}]},{"@type":"WebSite","@id":"https:\/\/native-s.com\/en\/#website","url":"https:\/\/native-s.com\/en\/","name":"NATIVES","description":"La Plataforma que permite a la Educaci\u00f3n cambiar el Mundo","publisher":{"@id":"https:\/\/native-s.com\/en\/#organization"},"potentialAction":[{"@type":"SearchAction","target":{"@type":"EntryPoint","urlTemplate":"https:\/\/native-s.com\/en\/?s={search_term_string}"},"query-input":{"@type":"PropertyValueSpecification","valueRequired":true,"valueName":"search_term_string"}}],"inLanguage":"en-US"},{"@type":"Organization","@id":"https:\/\/native-s.com\/en\/#organization","name":"Native-S","url":"https:\/\/native-s.com\/en\/","logo":{"@type":"ImageObject","inLanguage":"en-US","@id":"https:\/\/native-s.com\/en\/#\/schema\/logo\/image\/","url":"https:\/\/native-s.com\/wp-content\/uploads\/2020\/11\/natives-logo.png","contentUrl":"https:\/\/native-s.com\/wp-content\/uploads\/2020\/11\/natives-logo.png","width":297,"height":75,"caption":"Native-S"},"image":{"@id":"https:\/\/native-s.com\/en\/#\/schema\/logo\/image\/"}}]}},"_links":{"self":[{"href":"https:\/\/native-s.com\/en\/wp-json\/wp\/v2\/pages\/1464","targetHints":{"allow":["GET"]}}],"collection":[{"href":"https:\/\/native-s.com\/en\/wp-json\/wp\/v2\/pages"}],"about":[{"href":"https:\/\/native-s.com\/en\/wp-json\/wp\/v2\/types\/page"}],"author":[{"embeddable":true,"href":"https:\/\/native-s.com\/en\/wp-json\/wp\/v2\/users\/1"}],"replies":[{"embeddable":true,"href":"https:\/\/native-s.com\/en\/wp-json\/wp\/v2\/comments?post=1464"}],"version-history":[{"count":4,"href":"https:\/\/native-s.com\/en\/wp-json\/wp\/v2\/pages\/1464\/revisions"}],"predecessor-version":[{"id":2037,"href":"https:\/\/native-s.com\/en\/wp-json\/wp\/v2\/pages\/1464\/revisions\/2037"}],"wp:attachment":[{"href":"https:\/\/native-s.com\/en\/wp-json\/wp\/v2\/media?parent=1464"}],"curies":[{"name":"wp","href":"https:\/\/api.w.org\/{rel}","templated":true}]}}