{"id":1459,"date":"2020-11-09T09:59:39","date_gmt":"2020-11-09T08:59:39","guid":{"rendered":"https:\/\/native-s.com\/aviso-legal\/"},"modified":"2021-01-19T10:42:52","modified_gmt":"2021-01-19T09:42:52","slug":"aviso-legal","status":"publish","type":"page","link":"https:\/\/native-s.com\/en\/aviso-legal\/","title":{"rendered":"Legal notice"},"content":{"rendered":"\n<p><a href=\"https:\/\/native-s.com\/en\/politica-privacidad\/\">Edenway (Barcelona)<\/a> es el titular de la Web: native-s.com (en adelante Sitio Web). La utilizaci\u00f3n de dicho Sitio Web y de sus contenidos implica la aceptaci\u00f3n de todas y cada una de las condiciones incluidas en las presentes disposiciones.<\/p>\n\n<p>Toda la informaci\u00f3n contenida en este Sitio Web as\u00ed como el dise\u00f1o gr\u00e1fico, im\u00e1genes, c\u00f3digos fuente, marcas, nombres comerciales, denominaciones, art\u00edculos, informes, etc\u2026, est\u00e1n sujetos a los derechos de propiedad intelectual e industrial de Edenway.<\/p>\n\n<p>Bajo ning\u00fan supuesto, el acceso al Sitio Web supone la renuncia, transmisi\u00f3n, cesi\u00f3n o licencia total o parcial de dichos derechos de propiedad intelectual o industrial, ni confiere ning\u00fan derecho de utilizaci\u00f3n, traducci\u00f3n, adaptaci\u00f3n, alteraci\u00f3n, explotaci\u00f3n, reproducci\u00f3n, distribuci\u00f3n o comunicaci\u00f3n p\u00fablica, con fines comerciales, de dichos contenidos sin la previa y expresa autorizaci\u00f3n de Edenway. Quedan a salvo los derechos del Usuario de visualizar y obtenter una copia en la memoria cach\u00e9 del ordenador del usuario, como reproducci\u00f3n transitoria y accesoria, sin que en ning\u00fan caso est\u00e9 autorizado para comunicar la misma a terceros.<\/p>\n\n<p>La infracci\u00f3n de cualquiera de los citados derechos puede constituir una vulneraci\u00f3n de las presentes disposiciones, as\u00ed como un delito castigado seg\u00fan los art\u00edculos 270 y siguientes del C\u00f3digo Penal.<\/p>\n","protected":false},"excerpt":{"rendered":"<p>Edenway (Barcelona) es el titular de la Web: native-s.com (en adelante Sitio Web). La utilizaci\u00f3n de dicho Sitio Web y de sus contenidos implica la [&hellip;]<\/p>\n","protected":false},"author":1,"featured_media":0,"parent":0,"menu_order":0,"comment_status":"closed","ping_status":"closed","template":"","meta":{"site-sidebar-layout":"default","site-content-layout":"default","ast-site-content-layout":"","site-content-style":"default","site-sidebar-style":"default","ast-global-header-display":"","ast-banner-title-visibility":"","ast-main-header-display":"","ast-hfb-above-header-display":"","ast-hfb-below-header-display":"","ast-hfb-mobile-header-display":"","site-post-title":"","ast-breadcrumbs-content":"","ast-featured-img":"","footer-sml-layout":"","theme-transparent-header-meta":"default","adv-header-id-meta":"","stick-header-meta":"default","header-above-stick-meta":"","header-main-stick-meta":"","header-below-stick-meta":"","astra-migrate-meta-layouts":"default","ast-page-background-enabled":"default","ast-page-background-meta":{"desktop":{"background-color":"","background-image":"","background-repeat":"repeat","background-position":"center center","background-size":"auto","background-attachment":"scroll","background-type":"","background-media":"","overlay-type":"","overlay-color":"","overlay-opacity":"","overlay-gradient":""},"tablet":{"background-color":"","background-image":"","background-repeat":"repeat","background-position":"center center","background-size":"auto","background-attachment":"scroll","background-type":"","background-media":"","overlay-type":"","overlay-color":"","overlay-opacity":"","overlay-gradient":""},"mobile":{"background-color":"","background-image":"","background-repeat":"repeat","background-position":"center center","background-size":"auto","background-attachment":"scroll","background-type":"","background-media":"","overlay-type":"","overlay-color":"","overlay-opacity":"","overlay-gradient":""}},"ast-content-background-meta":{"desktop":{"background-color":"var(--ast-global-color-5)","background-image":"","background-repeat":"repeat","background-position":"center center","background-size":"auto","background-attachment":"scroll","background-type":"","background-media":"","overlay-type":"","overlay-color":"","overlay-opacity":"","overlay-gradient":""},"tablet":{"background-color":"var(--ast-global-color-5)","background-image":"","background-repeat":"repeat","background-position":"center center","background-size":"auto","background-attachment":"scroll","background-type":"","background-media":"","overlay-type":"","overlay-color":"","overlay-opacity":"","overlay-gradient":""},"mobile":{"background-color":"var(--ast-global-color-5)","background-image":"","background-repeat":"repeat","background-position":"center center","background-size":"auto","background-attachment":"scroll","background-type":"","background-media":"","overlay-type":"","overlay-color":"","overlay-opacity":"","overlay-gradient":""}},"footnotes":""},"class_list":["post-1459","page","type-page","status-publish","hentry"],"yoast_head":"<!-- This site is optimized with the Yoast SEO plugin v24.5 - https:\/\/yoast.com\/wordpress\/plugins\/seo\/ -->\n<title>Legal notice &#171; NATIVES<\/title>\n<meta name=\"robots\" content=\"index, follow, max-snippet:-1, max-image-preview:large, max-video-preview:-1\" \/>\n<link rel=\"canonical\" href=\"https:\/\/native-s.com\/en\/aviso-legal\/\" \/>\n<meta property=\"og:locale\" content=\"en_US\" \/>\n<meta property=\"og:type\" content=\"article\" \/>\n<meta property=\"og:title\" content=\"Legal notice &#171; NATIVES\" \/>\n<meta property=\"og:description\" content=\"Edenway (Barcelona) es el titular de la Web: native-s.com (en adelante Sitio Web). La utilizaci\u00f3n de dicho Sitio Web y de sus contenidos implica la [&hellip;]\" \/>\n<meta property=\"og:url\" content=\"https:\/\/native-s.com\/en\/aviso-legal\/\" \/>\n<meta property=\"og:site_name\" content=\"NATIVES\" \/>\n<meta property=\"article:modified_time\" content=\"2021-01-19T09:42:52+00:00\" \/>\n<meta name=\"twitter:card\" content=\"summary_large_image\" \/>\n<meta name=\"twitter:label1\" content=\"Est. reading time\" \/>\n\t<meta name=\"twitter:data1\" content=\"1 minute\" \/>\n<script type=\"application\/ld+json\" class=\"yoast-schema-graph\">{\"@context\":\"https:\/\/schema.org\",\"@graph\":[{\"@type\":\"WebPage\",\"@id\":\"https:\/\/native-s.com\/en\/aviso-legal\/\",\"url\":\"https:\/\/native-s.com\/en\/aviso-legal\/\",\"name\":\"Legal notice &#171; NATIVES\",\"isPartOf\":{\"@id\":\"https:\/\/native-s.com\/en\/#website\"},\"datePublished\":\"2020-11-09T08:59:39+00:00\",\"dateModified\":\"2021-01-19T09:42:52+00:00\",\"breadcrumb\":{\"@id\":\"https:\/\/native-s.com\/en\/aviso-legal\/#breadcrumb\"},\"inLanguage\":\"en-US\",\"potentialAction\":[{\"@type\":\"ReadAction\",\"target\":[\"https:\/\/native-s.com\/en\/aviso-legal\/\"]}]},{\"@type\":\"BreadcrumbList\",\"@id\":\"https:\/\/native-s.com\/en\/aviso-legal\/#breadcrumb\",\"itemListElement\":[{\"@type\":\"ListItem\",\"position\":1,\"name\":\"Portada\",\"item\":\"https:\/\/native-s.com\/en\/\"},{\"@type\":\"ListItem\",\"position\":2,\"name\":\"Legal notice\"}]},{\"@type\":\"WebSite\",\"@id\":\"https:\/\/native-s.com\/en\/#website\",\"url\":\"https:\/\/native-s.com\/en\/\",\"name\":\"NATIVES\",\"description\":\"La Plataforma que permite a la Educaci\u00f3n cambiar el Mundo\",\"publisher\":{\"@id\":\"https:\/\/native-s.com\/en\/#organization\"},\"potentialAction\":[{\"@type\":\"SearchAction\",\"target\":{\"@type\":\"EntryPoint\",\"urlTemplate\":\"https:\/\/native-s.com\/en\/?s={search_term_string}\"},\"query-input\":{\"@type\":\"PropertyValueSpecification\",\"valueRequired\":true,\"valueName\":\"search_term_string\"}}],\"inLanguage\":\"en-US\"},{\"@type\":\"Organization\",\"@id\":\"https:\/\/native-s.com\/en\/#organization\",\"name\":\"Native-S\",\"url\":\"https:\/\/native-s.com\/en\/\",\"logo\":{\"@type\":\"ImageObject\",\"inLanguage\":\"en-US\",\"@id\":\"https:\/\/native-s.com\/en\/#\/schema\/logo\/image\/\",\"url\":\"https:\/\/native-s.com\/wp-content\/uploads\/2020\/11\/natives-logo.png\",\"contentUrl\":\"https:\/\/native-s.com\/wp-content\/uploads\/2020\/11\/natives-logo.png\",\"width\":297,\"height\":75,\"caption\":\"Native-S\"},\"image\":{\"@id\":\"https:\/\/native-s.com\/en\/#\/schema\/logo\/image\/\"}}]}<\/script>\n<!-- \/ Yoast SEO plugin. -->","yoast_head_json":{"title":"Legal notice &#171; NATIVES","robots":{"index":"index","follow":"follow","max-snippet":"max-snippet:-1","max-image-preview":"max-image-preview:large","max-video-preview":"max-video-preview:-1"},"canonical":"https:\/\/native-s.com\/en\/aviso-legal\/","og_locale":"en_US","og_type":"article","og_title":"Legal notice &#171; NATIVES","og_description":"Edenway (Barcelona) es el titular de la Web: native-s.com (en adelante Sitio Web). La utilizaci\u00f3n de dicho Sitio Web y de sus contenidos implica la [&hellip;]","og_url":"https:\/\/native-s.com\/en\/aviso-legal\/","og_site_name":"NATIVES","article_modified_time":"2021-01-19T09:42:52+00:00","twitter_card":"summary_large_image","twitter_misc":{"Est. reading time":"1 minute"},"schema":{"@context":"https:\/\/schema.org","@graph":[{"@type":"WebPage","@id":"https:\/\/native-s.com\/en\/aviso-legal\/","url":"https:\/\/native-s.com\/en\/aviso-legal\/","name":"Legal notice &#171; NATIVES","isPartOf":{"@id":"https:\/\/native-s.com\/en\/#website"},"datePublished":"2020-11-09T08:59:39+00:00","dateModified":"2021-01-19T09:42:52+00:00","breadcrumb":{"@id":"https:\/\/native-s.com\/en\/aviso-legal\/#breadcrumb"},"inLanguage":"en-US","potentialAction":[{"@type":"ReadAction","target":["https:\/\/native-s.com\/en\/aviso-legal\/"]}]},{"@type":"BreadcrumbList","@id":"https:\/\/native-s.com\/en\/aviso-legal\/#breadcrumb","itemListElement":[{"@type":"ListItem","position":1,"name":"Portada","item":"https:\/\/native-s.com\/en\/"},{"@type":"ListItem","position":2,"name":"Legal notice"}]},{"@type":"WebSite","@id":"https:\/\/native-s.com\/en\/#website","url":"https:\/\/native-s.com\/en\/","name":"NATIVES","description":"La Plataforma que permite a la Educaci\u00f3n cambiar el Mundo","publisher":{"@id":"https:\/\/native-s.com\/en\/#organization"},"potentialAction":[{"@type":"SearchAction","target":{"@type":"EntryPoint","urlTemplate":"https:\/\/native-s.com\/en\/?s={search_term_string}"},"query-input":{"@type":"PropertyValueSpecification","valueRequired":true,"valueName":"search_term_string"}}],"inLanguage":"en-US"},{"@type":"Organization","@id":"https:\/\/native-s.com\/en\/#organization","name":"Native-S","url":"https:\/\/native-s.com\/en\/","logo":{"@type":"ImageObject","inLanguage":"en-US","@id":"https:\/\/native-s.com\/en\/#\/schema\/logo\/image\/","url":"https:\/\/native-s.com\/wp-content\/uploads\/2020\/11\/natives-logo.png","contentUrl":"https:\/\/native-s.com\/wp-content\/uploads\/2020\/11\/natives-logo.png","width":297,"height":75,"caption":"Native-S"},"image":{"@id":"https:\/\/native-s.com\/en\/#\/schema\/logo\/image\/"}}]}},"_links":{"self":[{"href":"https:\/\/native-s.com\/en\/wp-json\/wp\/v2\/pages\/1459","targetHints":{"allow":["GET"]}}],"collection":[{"href":"https:\/\/native-s.com\/en\/wp-json\/wp\/v2\/pages"}],"about":[{"href":"https:\/\/native-s.com\/en\/wp-json\/wp\/v2\/types\/page"}],"author":[{"embeddable":true,"href":"https:\/\/native-s.com\/en\/wp-json\/wp\/v2\/users\/1"}],"replies":[{"embeddable":true,"href":"https:\/\/native-s.com\/en\/wp-json\/wp\/v2\/comments?post=1459"}],"version-history":[{"count":4,"href":"https:\/\/native-s.com\/en\/wp-json\/wp\/v2\/pages\/1459\/revisions"}],"predecessor-version":[{"id":1876,"href":"https:\/\/native-s.com\/en\/wp-json\/wp\/v2\/pages\/1459\/revisions\/1876"}],"wp:attachment":[{"href":"https:\/\/native-s.com\/en\/wp-json\/wp\/v2\/media?parent=1459"}],"curies":[{"name":"wp","href":"https:\/\/api.w.org\/{rel}","templated":true}]}}